{"id":156836,"date":"2024-10-11T12:24:55","date_gmt":"2024-10-11T10:24:55","guid":{"rendered":"https:\/\/www.logisticsautomationmadrid.com\/?page_id=156836"},"modified":"2025-12-18T15:27:08","modified_gmt":"2025-12-18T14:27:08","slug":"programa-de-conferencias-sala-labs-tech","status":"publish","type":"page","link":"https:\/\/www.logisticsautomationmadrid.com\/es\/programa-de-conferencias-sala-labs-tech\/","title":{"rendered":"Programa de Conferencias &#8211; Sala LABS&amp;TECH 2026"},"content":{"rendered":"\t\t<div data-elementor-type=\"wp-page\" data-elementor-id=\"156836\" class=\"elementor elementor-156836\" data-elementor-post-type=\"page\">\n\t\t\t\t\t\t<section class=\"elementor-section elementor-top-section elementor-element elementor-element-064cdfa elementor-section-boxed elementor-section-height-default elementor-section-height-default\" data-id=\"064cdfa\" data-element_type=\"section\" data-settings=\"{&quot;background_background&quot;:&quot;classic&quot;}\">\n\t\t\t\t\t\t\t<div class=\"elementor-background-overlay\"><\/div>\n\t\t\t\t\t\t\t<div class=\"elementor-container elementor-column-gap-default\">\n\t\t\t\t\t<div class=\"elementor-column elementor-col-100 elementor-top-column elementor-element elementor-element-7896f2c\" data-id=\"7896f2c\" data-element_type=\"column\">\n\t\t\t<div class=\"elementor-widget-wrap elementor-element-populated\">\n\t\t\t\t\t\t<div class=\"elementor-element elementor-element-7aa05e5 elementor-widget elementor-widget-heading\" data-id=\"7aa05e5\" data-element_type=\"widget\" data-widget_type=\"heading.default\">\n\t\t\t\t<div class=\"elementor-widget-container\">\n\t\t\t\t\t<h1 class=\"elementor-heading-title elementor-size-default\">PROGRAMA DE CONFERENCIAS<\/h1>\t\t\t\t<\/div>\n\t\t\t\t<\/div>\n\t\t\t\t<div class=\"elementor-element elementor-element-a79a566 elementor-widget__width-initial elementor-widget elementor-widget-text-editor\" data-id=\"a79a566\" data-element_type=\"widget\" data-widget_type=\"text-editor.default\">\n\t\t\t\t<div class=\"elementor-widget-container\">\n\t\t\t\t\t\t\t\t\t<p class=\"elementor-heading-title elementor-size-default\">Dos d\u00edas de ideas inspiradoras y sesiones pr\u00e1cticas con los l\u00edderes de la industria. Clica en cada sesi\u00f3n para m\u00e1s informaci\u00f3n.<\/p>\t\t\t\t\t\t\t\t<\/div>\n\t\t\t\t<\/div>\n\t\t\t\t\t<\/div>\n\t\t<\/div>\n\t\t\t\t\t<\/div>\n\t\t<\/section>\n\t\t\t\t<section class=\"elementor-section elementor-top-section elementor-element elementor-element-98ff773 elementor-section-full_width elementor-section-height-default elementor-section-height-default\" data-id=\"98ff773\" data-element_type=\"section\">\n\t\t\t\t\t\t<div class=\"elementor-container elementor-column-gap-default\">\n\t\t\t\t\t<div class=\"elementor-column elementor-col-100 elementor-top-column elementor-element elementor-element-998da61\" data-id=\"998da61\" data-element_type=\"column\">\n\t\t\t<div class=\"elementor-widget-wrap elementor-element-populated\">\n\t\t\t\t\t\t<div class=\"elementor-element elementor-element-a1ffdad elementor-widget elementor-widget-html\" data-id=\"a1ffdad\" data-element_type=\"widget\" data-widget_type=\"html.default\">\n\t\t\t\t<div class=\"elementor-widget-container\">\n\t\t\t\t\t<iframe id='lineup-ninja-agenda-app' style=\"height: 100vh; width: 100%; border: 0;\" scrolling=\"no\" frameborder=\"0\" marginheight=\"0\" marginWidth=\"0\" name=\"Agenda\" src=\"https:\/\/logistics-automation-madrid-agenda-2025-sala-logistics-lab.events.lineup.ninja\"><\/iframe>\t\t\t\t<\/div>\n\t\t\t\t<\/div>\n\t\t\t\t\t<\/div>\n\t\t<\/div>\n\t\t\t\t\t<\/div>\n\t\t<\/section>\n\t\t\t\t<\/div>\n\t\t","protected":false},"excerpt":{"rendered":"<p>PROGRAMA DE CONFERENCIAS Dos d\u00edas de ideas inspiradoras y sesiones pr\u00e1cticas con los l\u00edderes de la industria. Clica en cada sesi\u00f3n para m\u00e1s informaci\u00f3n.<\/p>\n","protected":false},"author":1256,"featured_media":0,"parent":0,"menu_order":0,"comment_status":"closed","ping_status":"closed","template":"","meta":{"_seopress_robots_primary_cat":"","_seopress_titles_title":"Programa de Conferencias - Sala LABS&TECH 2026","_seopress_titles_desc":"Dos d\u00edas de ideas inspiradoras y sesiones pr\u00e1cticas con l\u00edderes de la industria. Clica en cada sesi\u00f3n para obtener m\u00e1s informaci\u00f3n.","_seopress_robots_index":"","footnotes":""},"class_list":["post-156836","page","type-page","status-publish","hentry"],"_links":{"self":[{"href":"https:\/\/www.logisticsautomationmadrid.com\/es\/wp-json\/wp\/v2\/pages\/156836","targetHints":{"allow":["GET"]}}],"collection":[{"href":"https:\/\/www.logisticsautomationmadrid.com\/es\/wp-json\/wp\/v2\/pages"}],"about":[{"href":"https:\/\/www.logisticsautomationmadrid.com\/es\/wp-json\/wp\/v2\/types\/page"}],"author":[{"embeddable":true,"href":"https:\/\/www.logisticsautomationmadrid.com\/es\/wp-json\/wp\/v2\/users\/1256"}],"replies":[{"embeddable":true,"href":"https:\/\/www.logisticsautomationmadrid.com\/es\/wp-json\/wp\/v2\/comments?post=156836"}],"version-history":[{"count":5,"href":"https:\/\/www.logisticsautomationmadrid.com\/es\/wp-json\/wp\/v2\/pages\/156836\/revisions"}],"predecessor-version":[{"id":208974,"href":"https:\/\/www.logisticsautomationmadrid.com\/es\/wp-json\/wp\/v2\/pages\/156836\/revisions\/208974"}],"wp:attachment":[{"href":"https:\/\/www.logisticsautomationmadrid.com\/es\/wp-json\/wp\/v2\/media?parent=156836"}],"curies":[{"name":"wp","href":"https:\/\/api.w.org\/{rel}","templated":true}]}}