{"id":23,"date":"2019-11-18T11:19:27","date_gmt":"2019-11-18T10:19:27","guid":{"rendered":"https:\/\/www.logisticsautomationmadrid.com\/?page_id=23"},"modified":"2025-12-18T16:37:07","modified_gmt":"2025-12-18T15:37:07","slug":"politica-de-cookies","status":"publish","type":"page","link":"https:\/\/www.logisticsautomationmadrid.com\/es\/logistics-automation-madrid\/sobre-nosotros\/politica-de-cookies\/","title":{"rendered":"Pol\u00edtica de cookies"},"content":{"rendered":"\t\t<div data-elementor-type=\"wp-post\" data-elementor-id=\"23\" class=\"elementor elementor-23\" data-elementor-post-type=\"page\">\n\t\t\t\t\t\t<section class=\"elementor-section elementor-top-section elementor-element elementor-element-366e68f4 elementor-section-boxed elementor-section-height-default elementor-section-height-default\" data-id=\"366e68f4\" data-element_type=\"section\" data-settings=\"{&quot;background_background&quot;:&quot;gradient&quot;}\">\n\t\t\t\t\t\t\t<div class=\"elementor-background-overlay\"><\/div>\n\t\t\t\t\t\t\t<div class=\"elementor-container elementor-column-gap-default\">\n\t\t\t\t\t<div class=\"elementor-column elementor-col-100 elementor-top-column elementor-element elementor-element-7aa9c7a3\" data-id=\"7aa9c7a3\" data-element_type=\"column\" data-settings=\"{&quot;background_background&quot;:&quot;classic&quot;}\">\n\t\t\t<div class=\"elementor-widget-wrap elementor-element-populated\">\n\t\t\t\t\t\t<section class=\"elementor-section elementor-inner-section elementor-element elementor-element-777837c8 elementor-section-height-min-height elementor-section-content-top elementor-section-boxed elementor-section-height-default\" data-id=\"777837c8\" data-element_type=\"section\" data-settings=\"{&quot;background_background&quot;:&quot;classic&quot;}\">\n\t\t\t\t\t\t\t<div class=\"elementor-background-overlay\"><\/div>\n\t\t\t\t\t\t\t<div class=\"elementor-container elementor-column-gap-default\">\n\t\t\t\t\t<div class=\"elementor-column elementor-col-100 elementor-inner-column elementor-element elementor-element-2af9a4e1\" data-id=\"2af9a4e1\" data-element_type=\"column\" data-settings=\"{&quot;background_background&quot;:&quot;classic&quot;}\">\n\t\t\t<div class=\"elementor-widget-wrap elementor-element-populated\">\n\t\t\t\t\t<div class=\"elementor-background-overlay\"><\/div>\n\t\t\t\t\t\t<div class=\"elementor-element elementor-element-f7a61ca elementor-widget elementor-widget-heading\" data-id=\"f7a61ca\" data-element_type=\"widget\" data-widget_type=\"heading.default\">\n\t\t\t\t<div class=\"elementor-widget-container\">\n\t\t\t\t\t<h1 class=\"elementor-heading-title elementor-size-default\">Pol\u00edtica de Cookies<\/h1>\t\t\t\t<\/div>\n\t\t\t\t<\/div>\n\t\t\t\t<div class=\"elementor-element elementor-element-15bcca3 elementor-widget elementor-widget-text-editor\" data-id=\"15bcca3\" data-element_type=\"widget\" data-widget_type=\"text-editor.default\">\n\t\t\t\t<div class=\"elementor-widget-container\">\n\t\t\t\t\t\t\t\t\t<h4>Este sitio web utiliza cookies<\/h4>\t\t\t\t\t\t\t\t<\/div>\n\t\t\t\t<\/div>\n\t\t\t\t<div class=\"elementor-element elementor-element-32e578e1 elementor-widget elementor-widget-text-editor\" data-id=\"32e578e1\" data-element_type=\"widget\" data-widget_type=\"text-editor.default\">\n\t\t\t\t<div class=\"elementor-widget-container\">\n\t\t\t\t\t\t\t\t\t<p>Estos son peque\u00f1os archivos de texto que se colocan en su m\u00e1quina para ayudar al sitio web a proporcionar una mejor experiencia de usuario. Las cookies se utilizan para mejorar la experiencia de navegaci\u00f3n de su sitio web al retener las preferencias del usuario, entregar publicidad relevante y proporcionar datos de seguimiento an\u00f3nimos a aplicaciones de terceros como Google Analytics.<\/p><p>Si lo prefiere, puede desactivar las cookies en su navegador. Le sugerimos que consulte la secci\u00f3n de ayuda de su navegador o que eche un vistazo a la p\u00e1gina web About Cookies, que ofrece orientaci\u00f3n para todos los navegadores.<\/p><p>Para obtener informaci\u00f3n m\u00e1s detallada sobre c\u00f3mo recopilamos y utilizamos las cookies, consulte nuestra <a href=\"https:\/\/www.easyfairs.com\/privacy-policy\/\" target=\"_blank\" rel=\"noopener\">pol\u00edtica de privacidad<\/a>.<\/p>\t\t\t\t\t\t\t\t<\/div>\n\t\t\t\t<\/div>\n\t\t\t\t<div class=\"elementor-element elementor-element-464bd92 elementor-widget elementor-widget-text-editor\" data-id=\"464bd92\" data-element_type=\"widget\" data-widget_type=\"text-editor.default\">\n\t\t\t\t<div class=\"elementor-widget-container\">\n\t\t\t\t\t\t\t\t\t<h4>Google Analytics<\/h4>\t\t\t\t\t\t\t\t<\/div>\n\t\t\t\t<\/div>\n\t\t\t\t<div class=\"elementor-element elementor-element-6979578b elementor-widget elementor-widget-text-editor\" data-id=\"6979578b\" data-element_type=\"widget\" data-widget_type=\"text-editor.default\">\n\t\t\t\t<div class=\"elementor-widget-container\">\n\t\t\t\t\t\t\t\t\t<p>Este sitio web emplea Google Analytics, un servicio de an\u00e1lisis web de Google Inc., para analizar el uso del sitio web. La informaci\u00f3n generada por la aplicaci\u00f3n de Google Analytics sobre su uso de este sitio web (incluida su direcci\u00f3n IP) ser\u00e1 transmitida y almacenada en un servidor en los EE. UU. Google solo utilizar\u00e1 esta informaci\u00f3n para analizar el uso del sitio web, por ejemplo, mediante la creaci\u00f3n de an\u00e1lisis y gr\u00e1ficos an\u00f3nimos sobre el n\u00famero de visitas y el n\u00famero de visitas a la p\u00e1gina por usuario, etc. Empleamos la anal\u00edtica para nuestra propia investigaci\u00f3n de marketing, la optimizaci\u00f3n del sitio web y la publicidad de remarketing tanto para nosotros como para nuestros socios. Puede encontrar m\u00e1s informaci\u00f3n sobre las tecnolog\u00edas implementadas por Google en <a href=\"https:\/\/marketingplatform.google.com\/about\/analytics\/\" target=\"_blank\" rel=\"noopener\">www.google.com\/analytics<\/a>.<\/p>\t\t\t\t\t\t\t\t<\/div>\n\t\t\t\t<\/div>\n\t\t\t\t\t<\/div>\n\t\t<\/div>\n\t\t\t\t\t<\/div>\n\t\t<\/section>\n\t\t\t\t\t<\/div>\n\t\t<\/div>\n\t\t\t\t\t<\/div>\n\t\t<\/section>\n\t\t\t\t<\/div>\n\t\t","protected":false},"excerpt":{"rendered":"<p>Pol\u00edtica de Cookies Este sitio web utiliza cookies Estos son peque\u00f1os archivos de texto que se colocan en su m\u00e1quina para ayudar al sitio web a proporcionar una mejor experiencia de usuario. Las cookies se utilizan para mejorar la experiencia de navegaci\u00f3n de su sitio web al retener las preferencias del usuario, entregar publicidad relevante [&hellip;]<\/p>\n","protected":false},"author":992,"featured_media":0,"parent":946,"menu_order":900,"comment_status":"closed","ping_status":"closed","template":"","meta":{"_seopress_robots_primary_cat":"","_seopress_titles_title":"Pol\u00edtica de cookies | Logistics & Automation Madrid","_seopress_titles_desc":"Este sitio web utiliza cookies. Estos son peque\u00f1os archivos de texto que se colocan en su m\u00e1quina para ayudar al sitio web a proporcionar una mejor...","_seopress_robots_index":"","footnotes":""},"class_list":["post-23","page","type-page","status-publish","hentry"],"_links":{"self":[{"href":"https:\/\/www.logisticsautomationmadrid.com\/es\/wp-json\/wp\/v2\/pages\/23","targetHints":{"allow":["GET"]}}],"collection":[{"href":"https:\/\/www.logisticsautomationmadrid.com\/es\/wp-json\/wp\/v2\/pages"}],"about":[{"href":"https:\/\/www.logisticsautomationmadrid.com\/es\/wp-json\/wp\/v2\/types\/page"}],"author":[{"embeddable":true,"href":"https:\/\/www.logisticsautomationmadrid.com\/es\/wp-json\/wp\/v2\/users\/992"}],"replies":[{"embeddable":true,"href":"https:\/\/www.logisticsautomationmadrid.com\/es\/wp-json\/wp\/v2\/comments?post=23"}],"version-history":[{"count":5,"href":"https:\/\/www.logisticsautomationmadrid.com\/es\/wp-json\/wp\/v2\/pages\/23\/revisions"}],"predecessor-version":[{"id":209008,"href":"https:\/\/www.logisticsautomationmadrid.com\/es\/wp-json\/wp\/v2\/pages\/23\/revisions\/209008"}],"up":[{"embeddable":true,"href":"https:\/\/www.logisticsautomationmadrid.com\/es\/wp-json\/wp\/v2\/pages\/946"}],"wp:attachment":[{"href":"https:\/\/www.logisticsautomationmadrid.com\/es\/wp-json\/wp\/v2\/media?parent=23"}],"curies":[{"name":"wp","href":"https:\/\/api.w.org\/{rel}","templated":true}]}}